{"id":5690,"date":"2020-07-21T15:29:12","date_gmt":"2020-07-21T19:29:12","guid":{"rendered":"https:\/\/www.zenlepouvoirdesfleurs.com\/product\/z-ac-0010\/"},"modified":"2025-12-08T09:47:01","modified_gmt":"2025-12-08T14:47:01","slug":"z-ac-0010","status":"publish","type":"product","link":"https:\/\/zenlepouvoirdesfleurs.com\/en\/product\/z-ac-0010\/","title":{"rendered":"ORCHID DUO ARRANGEMENT"},"content":{"rendered":"<p>orchid\u00e9e, \u00e9pur\u00e9, vert, corporatif, arrangement, contemporain<\/p>\n","protected":false},"excerpt":{"rendered":"<p>orchid\u00e9e, \u00e9pur\u00e9, vert, corporatif, arrangement, contemporain<\/p>\n","protected":false},"featured_media":6521,"template":"","meta":[],"product_brand":[],"product_cat":[192],"product_tag":[214,200,201,202,205,217],"class_list":{"0":"post-5690","1":"product","2":"type-product","3":"status-publish","4":"has-post-thumbnail","6":"product_cat-corporate","7":"product_tag-arrangement-en","8":"product_tag-contemporain-en","9":"product_tag-corporatif-en","10":"product_tag-epure-en","11":"product_tag-orchidee-en","12":"product_tag-vert-en","14":"first","15":"instock","16":"taxable","17":"shipping-taxable","18":"purchasable","19":"product-type-variable"},"exclude_global_add_ons":[],"addons":[],"_links":{"self":[{"href":"https:\/\/zenlepouvoirdesfleurs.com\/en\/wp-json\/wp\/v2\/product\/5690","targetHints":{"allow":["GET"]}}],"collection":[{"href":"https:\/\/zenlepouvoirdesfleurs.com\/en\/wp-json\/wp\/v2\/product"}],"about":[{"href":"https:\/\/zenlepouvoirdesfleurs.com\/en\/wp-json\/wp\/v2\/types\/product"}],"wp:featuredmedia":[{"embeddable":true,"href":"https:\/\/zenlepouvoirdesfleurs.com\/en\/wp-json\/wp\/v2\/media\/6521"}],"wp:attachment":[{"href":"https:\/\/zenlepouvoirdesfleurs.com\/en\/wp-json\/wp\/v2\/media?parent=5690"}],"wp:term":[{"taxonomy":"product_brand","embeddable":true,"href":"https:\/\/zenlepouvoirdesfleurs.com\/en\/wp-json\/wp\/v2\/product_brand?post=5690"},{"taxonomy":"product_cat","embeddable":true,"href":"https:\/\/zenlepouvoirdesfleurs.com\/en\/wp-json\/wp\/v2\/product_cat?post=5690"},{"taxonomy":"product_tag","embeddable":true,"href":"https:\/\/zenlepouvoirdesfleurs.com\/en\/wp-json\/wp\/v2\/product_tag?post=5690"}],"curies":[{"name":"wp","href":"https:\/\/api.w.org\/{rel}","templated":true}]}}